{"id":196,"date":"2020-06-16T17:14:27","date_gmt":"2020-06-16T20:14:27","guid":{"rendered":"https:\/\/desarrollo.suronline.net\/ecipsa\/?page_id=196"},"modified":"2020-06-18T15:58:52","modified_gmt":"2020-06-18T18:58:52","slug":"work-with-us","status":"publish","type":"page","link":"https:\/\/www.ecipsa.com\/en\/work-with-us\/","title":{"rendered":"Work With Us"},"content":{"rendered":"<p>[vc_row][vc_column width=&#8221;2\/3&#8243;]\n<div class=\"wpcf7 no-js\" id=\"wpcf7-f263-o1\" lang=\"es-AR\" dir=\"ltr\" data-wpcf7-id=\"263\">\n<div class=\"screen-reader-response\"><p role=\"status\" aria-live=\"polite\" aria-atomic=\"true\"><\/p> <ul><\/ul><\/div>\n<form action=\"\/en\/wp-json\/wp\/v2\/pages\/196#wpcf7-f263-o1\" method=\"post\" class=\"wpcf7-form init\" aria-label=\"Formulario de contacto\" enctype=\"multipart\/form-data\" novalidate=\"novalidate\" data-status=\"init\">\n<fieldset class=\"hidden-fields-container\"><input type=\"hidden\" name=\"_wpcf7\" value=\"263\" \/><input type=\"hidden\" name=\"_wpcf7_version\" value=\"6.1.5\" \/><input type=\"hidden\" name=\"_wpcf7_locale\" value=\"es_AR\" \/><input type=\"hidden\" name=\"_wpcf7_unit_tag\" value=\"wpcf7-f263-o1\" \/><input type=\"hidden\" name=\"_wpcf7_container_post\" value=\"0\" \/><input type=\"hidden\" name=\"_wpcf7_posted_data_hash\" value=\"\" \/><input type=\"hidden\" name=\"_wpcf7_recaptcha_response\" value=\"\" \/>\n<\/fieldset>\n<div class=\"form-group\">\n\t<p><label>Name<\/label><br \/>\n<span class=\"wpcf7-form-control-wrap\" data-name=\"nombre\"><input size=\"40\" maxlength=\"400\" class=\"wpcf7-form-control wpcf7-text wpcf7-validates-as-required form-control\" aria-required=\"true\" aria-invalid=\"false\" value=\"\" type=\"text\" name=\"nombre\" \/><\/span>\n\t<\/p>\n<\/div>\n<div class=\"form-group\">\n\t<p><label>Email<\/label><br \/>\n<span class=\"wpcf7-form-control-wrap\" data-name=\"email\"><input size=\"40\" maxlength=\"400\" class=\"wpcf7-form-control wpcf7-email wpcf7-validates-as-required wpcf7-text wpcf7-validates-as-email form-control\" aria-required=\"true\" aria-invalid=\"false\" value=\"\" type=\"email\" name=\"email\" \/><\/span>\n\t<\/p>\n<\/div>\n<div class=\"form-group\">\n\t<p><label>Phone<\/label><br \/>\n<span class=\"wpcf7-form-control-wrap\" data-name=\"telefono\"><input size=\"40\" maxlength=\"400\" class=\"wpcf7-form-control wpcf7-text wpcf7-validates-as-required form-control\" aria-required=\"true\" aria-invalid=\"false\" value=\"\" type=\"text\" name=\"telefono\" \/><\/span>\n\t<\/p>\n<\/div>\n<div class=\"form-group\">\n\t<p><label>Age<\/label><br \/>\n<span class=\"wpcf7-form-control-wrap\" data-name=\"edad\"><input size=\"40\" maxlength=\"400\" class=\"wpcf7-form-control wpcf7-text wpcf7-validates-as-required form-control\" aria-required=\"true\" aria-invalid=\"false\" value=\"\" type=\"text\" name=\"edad\" \/><\/span>\n\t<\/p>\n<\/div>\n<div class=\"form-group\">\n\t<p><label>Area of \u200b\u200binterest<\/label><br \/>\n<span class=\"wpcf7-form-control-wrap\" data-name=\"interes\"><select class=\"wpcf7-form-control wpcf7-select wpcf7-validates-as-required form-control\" aria-required=\"true\" aria-invalid=\"false\" name=\"interes\"><option value=\"\"><\/option><option value=\"Administraci\u00f3n\">Administraci\u00f3n<\/option><option value=\"Comercial\">Comercial<\/option><option value=\"Compras\">Compras<\/option><option value=\"Comunicaci\u00f3n\">Comunicaci\u00f3n<\/option><option value=\"Control de Gesti\u00f3n\">Control de Gesti\u00f3n<\/option><option value=\"Desarrollos Inmobiliarios\">Desarrollos Inmobiliarios<\/option><option value=\"Finanzas\">Finanzas<\/option><option value=\"Legales\">Legales<\/option><option value=\"Marketing\">Marketing<\/option><option value=\"Posventa\">Posventa<\/option><option value=\"Proyectos de arquitectura\">Proyectos de arquitectura<\/option><option value=\"Recursos Humanos\">Recursos Humanos<\/option><option value=\"Servicio al cliente\">Servicio al cliente<\/option><option value=\"Sistemas\">Sistemas<\/option><option value=\"Tesorer\u00eda\">Tesorer\u00eda<\/option><option value=\"Ventas\">Ventas<\/option><\/select><\/span>\n\t<\/p>\n<\/div>\n<div class=\"form-group\">\n\t<p><label>University Studies<\/label><br \/>\n<span class=\"wpcf7-form-control-wrap\" data-name=\"estudios\"><input size=\"40\" maxlength=\"400\" class=\"wpcf7-form-control wpcf7-text wpcf7-validates-as-required form-control\" aria-required=\"true\" aria-invalid=\"false\" value=\"\" type=\"text\" name=\"estudios\" \/><\/span>\n\t<\/p>\n<\/div>\n<div class=\"form-group\">\n\t<p><label>Comments<\/label><br \/>\n<span class=\"wpcf7-form-control-wrap\" data-name=\"cv\"><input size=\"40\" class=\"wpcf7-form-control wpcf7-file wpcf7-validates-as-required\" accept=\".pdf,.doc,.docx\" aria-required=\"true\" aria-invalid=\"false\" type=\"file\" name=\"cv\" \/><\/span>\n\t<\/p>\n<\/div>\n<p><input class=\"wpcf7-form-control wpcf7-submit has-spinner btn btn-primary pull-right\" type=\"submit\" value=\"Send\" \/>\n<\/p><p style=\"display: none !important;\" class=\"akismet-fields-container\" data-prefix=\"_wpcf7_ak_\"><label>&#916;<textarea name=\"_wpcf7_ak_hp_textarea\" cols=\"45\" rows=\"8\" maxlength=\"100\"><\/textarea><\/label><input type=\"hidden\" id=\"ak_js_1\" name=\"_wpcf7_ak_js\" value=\"238\"\/><script>document.getElementById( \"ak_js_1\" ).setAttribute( \"value\", ( new Date() ).getTime() );<\/script><\/p><div class=\"wpcf7-response-output\" aria-hidden=\"true\"><\/div>\n<\/form>\n<\/div>\n[\/vc_column][vc_column width=&#8221;1\/3&#8243;][vc_column_text]<\/p>\n<p style=\"text-align: center;\">info@ecipsa.com<br \/>\nHip\u00f3lito Yrigoyen 146 &#8211; Piso 16<br \/>\nC\u00f3rdoba Business Tower<br \/>\nX5000 &#8211; C\u00f3rdoba Capital<\/p>\n<p>[\/vc_column_text][\/vc_column][\/vc_row]<\/p>\n","protected":false},"excerpt":{"rendered":"<p>[vc_row][vc_column width=&#8221;2\/3&#8243;][\/vc_column][vc_column width=&#8221;1\/3&#8243;][vc_column_text] info@ecipsa.com Hip\u00f3lito Yrigoyen 146 &#8211; Piso 16 C\u00f3rdoba Business Tower X5000 &#8211; C\u00f3rdoba Capital [\/vc_column_text][\/vc_column][\/vc_row]<\/p>\n","protected":false},"author":2,"featured_media":0,"parent":0,"menu_order":0,"comment_status":"closed","ping_status":"closed","template":"page-rrhh.php","meta":{"footnotes":""},"class_list":["post-196","page","type-page","status-publish","hentry"],"yoast_head":"<!-- This site is optimized with the Yoast SEO plugin v27.4 - https:\/\/yoast.com\/product\/yoast-seo-wordpress\/ -->\n<title>Work With Us - Ecipsa<\/title>\n<meta name=\"robots\" content=\"index, follow, max-snippet:-1, max-image-preview:large, max-video-preview:-1\" \/>\n<link rel=\"canonical\" href=\"https:\/\/www.ecipsa.com\/en\/work-with-us\/\" \/>\n<meta property=\"og:locale\" content=\"en_US\" \/>\n<meta property=\"og:type\" content=\"article\" \/>\n<meta property=\"og:title\" content=\"Work With Us - Ecipsa\" \/>\n<meta property=\"og:description\" content=\"[vc_row][vc_column width=&#8221;2\/3&#8243;][\/vc_column][vc_column width=&#8221;1\/3&#8243;][vc_column_text] info@ecipsa.com Hip\u00f3lito Yrigoyen 146 &#8211; Piso 16 C\u00f3rdoba Business Tower X5000 &#8211; C\u00f3rdoba Capital [\/vc_column_text][\/vc_column][\/vc_row]\" \/>\n<meta property=\"og:url\" content=\"https:\/\/www.ecipsa.com\/en\/work-with-us\/\" \/>\n<meta property=\"og:site_name\" content=\"Ecipsa\" \/>\n<meta property=\"article:modified_time\" content=\"2020-06-18T18:58:52+00:00\" \/>\n<meta name=\"twitter:card\" content=\"summary_large_image\" \/>\n<script type=\"application\/ld+json\" class=\"yoast-schema-graph\">{\"@context\":\"https:\\\/\\\/schema.org\",\"@graph\":[{\"@type\":\"WebPage\",\"@id\":\"https:\\\/\\\/www.ecipsa.com\\\/en\\\/work-with-us\\\/\",\"url\":\"https:\\\/\\\/www.ecipsa.com\\\/en\\\/work-with-us\\\/\",\"name\":\"Work With Us - Ecipsa\",\"isPartOf\":{\"@id\":\"https:\\\/\\\/www.ecipsa.com\\\/#website\"},\"datePublished\":\"2020-06-16T20:14:27+00:00\",\"dateModified\":\"2020-06-18T18:58:52+00:00\",\"breadcrumb\":{\"@id\":\"https:\\\/\\\/www.ecipsa.com\\\/en\\\/work-with-us\\\/#breadcrumb\"},\"inLanguage\":\"en-US\",\"potentialAction\":[{\"@type\":\"ReadAction\",\"target\":[\"https:\\\/\\\/www.ecipsa.com\\\/en\\\/work-with-us\\\/\"]}]},{\"@type\":\"BreadcrumbList\",\"@id\":\"https:\\\/\\\/www.ecipsa.com\\\/en\\\/work-with-us\\\/#breadcrumb\",\"itemListElement\":[{\"@type\":\"ListItem\",\"position\":1,\"name\":\"Inicio\",\"item\":\"https:\\\/\\\/www.ecipsa.com\\\/en\\\/\"},{\"@type\":\"ListItem\",\"position\":2,\"name\":\"Work With Us\"}]},{\"@type\":\"WebSite\",\"@id\":\"https:\\\/\\\/www.ecipsa.com\\\/#website\",\"url\":\"https:\\\/\\\/www.ecipsa.com\\\/\",\"name\":\"Ecipsa\",\"description\":\"Otro sitio realizado con WordPress\",\"potentialAction\":[{\"@type\":\"SearchAction\",\"target\":{\"@type\":\"EntryPoint\",\"urlTemplate\":\"https:\\\/\\\/www.ecipsa.com\\\/?s={search_term_string}\"},\"query-input\":{\"@type\":\"PropertyValueSpecification\",\"valueRequired\":true,\"valueName\":\"search_term_string\"}}],\"inLanguage\":\"en-US\"}]}<\/script>\n<!-- \/ Yoast SEO plugin. -->","yoast_head_json":{"title":"Work With Us - Ecipsa","robots":{"index":"index","follow":"follow","max-snippet":"max-snippet:-1","max-image-preview":"max-image-preview:large","max-video-preview":"max-video-preview:-1"},"canonical":"https:\/\/www.ecipsa.com\/en\/work-with-us\/","og_locale":"en_US","og_type":"article","og_title":"Work With Us - Ecipsa","og_description":"[vc_row][vc_column width=&#8221;2\/3&#8243;][\/vc_column][vc_column width=&#8221;1\/3&#8243;][vc_column_text] info@ecipsa.com Hip\u00f3lito Yrigoyen 146 &#8211; Piso 16 C\u00f3rdoba Business Tower X5000 &#8211; C\u00f3rdoba Capital [\/vc_column_text][\/vc_column][\/vc_row]","og_url":"https:\/\/www.ecipsa.com\/en\/work-with-us\/","og_site_name":"Ecipsa","article_modified_time":"2020-06-18T18:58:52+00:00","twitter_card":"summary_large_image","schema":{"@context":"https:\/\/schema.org","@graph":[{"@type":"WebPage","@id":"https:\/\/www.ecipsa.com\/en\/work-with-us\/","url":"https:\/\/www.ecipsa.com\/en\/work-with-us\/","name":"Work With Us - Ecipsa","isPartOf":{"@id":"https:\/\/www.ecipsa.com\/#website"},"datePublished":"2020-06-16T20:14:27+00:00","dateModified":"2020-06-18T18:58:52+00:00","breadcrumb":{"@id":"https:\/\/www.ecipsa.com\/en\/work-with-us\/#breadcrumb"},"inLanguage":"en-US","potentialAction":[{"@type":"ReadAction","target":["https:\/\/www.ecipsa.com\/en\/work-with-us\/"]}]},{"@type":"BreadcrumbList","@id":"https:\/\/www.ecipsa.com\/en\/work-with-us\/#breadcrumb","itemListElement":[{"@type":"ListItem","position":1,"name":"Inicio","item":"https:\/\/www.ecipsa.com\/en\/"},{"@type":"ListItem","position":2,"name":"Work With Us"}]},{"@type":"WebSite","@id":"https:\/\/www.ecipsa.com\/#website","url":"https:\/\/www.ecipsa.com\/","name":"Ecipsa","description":"Otro sitio realizado con WordPress","potentialAction":[{"@type":"SearchAction","target":{"@type":"EntryPoint","urlTemplate":"https:\/\/www.ecipsa.com\/?s={search_term_string}"},"query-input":{"@type":"PropertyValueSpecification","valueRequired":true,"valueName":"search_term_string"}}],"inLanguage":"en-US"}]}},"_links":{"self":[{"href":"https:\/\/www.ecipsa.com\/en\/wp-json\/wp\/v2\/pages\/196","targetHints":{"allow":["GET"]}}],"collection":[{"href":"https:\/\/www.ecipsa.com\/en\/wp-json\/wp\/v2\/pages"}],"about":[{"href":"https:\/\/www.ecipsa.com\/en\/wp-json\/wp\/v2\/types\/page"}],"author":[{"embeddable":true,"href":"https:\/\/www.ecipsa.com\/en\/wp-json\/wp\/v2\/users\/2"}],"replies":[{"embeddable":true,"href":"https:\/\/www.ecipsa.com\/en\/wp-json\/wp\/v2\/comments?post=196"}],"version-history":[{"count":2,"href":"https:\/\/www.ecipsa.com\/en\/wp-json\/wp\/v2\/pages\/196\/revisions"}],"predecessor-version":[{"id":265,"href":"https:\/\/www.ecipsa.com\/en\/wp-json\/wp\/v2\/pages\/196\/revisions\/265"}],"wp:attachment":[{"href":"https:\/\/www.ecipsa.com\/en\/wp-json\/wp\/v2\/media?parent=196"}],"curies":[{"name":"wp","href":"https:\/\/api.w.org\/{rel}","templated":true}]}}