{"id":2480,"date":"2020-01-23T10:32:07","date_gmt":"2020-01-23T13:32:07","guid":{"rendered":"https:\/\/www.ecipsa.com\/contacto\/"},"modified":"2023-06-13T10:15:42","modified_gmt":"2023-06-13T13:15:42","slug":"contacto","status":"publish","type":"page","link":"https:\/\/www.ecipsa.com\/he\/contacto\/","title":{"rendered":"\u05dc\u05d9\u05e6\u05d9\u05e8\u05ea \u05e7\u05e9\u05e8"},"content":{"rendered":"<div class=\"row\">\n<div class=\"col-lg-4 mt-5 text-center\">\n<h3 style=\"text-align: center;\"><strong>\u05de\u05e9\u05e8\u05d3 \u05e8\u05d0\u05e9\u05d9<\/strong><\/h3>\n<p>Hip\u00f3lito Yrigoyen 146 &#8211; Piso 16<br \/>\nC\u00f3rdoba Business Tower<br \/>\nX5000 &#8211; C\u00f3rdoba Capital\n<\/p>\n<\/div>\n<div class=\"form-area col-lg-8\">\n<div class=\"wpcf7 no-js\" id=\"wpcf7-f2518-o1\" lang=\"es-AR\" dir=\"ltr\" data-wpcf7-id=\"2518\">\n<div class=\"screen-reader-response\"><p role=\"status\" aria-live=\"polite\" aria-atomic=\"true\"><\/p> <ul><\/ul><\/div>\n<form action=\"\/he\/wp-json\/wp\/v2\/pages\/2480#wpcf7-f2518-o1\" method=\"post\" class=\"wpcf7-form init\" aria-label=\"Formulario de contacto\" novalidate=\"novalidate\" data-status=\"init\">\n<fieldset class=\"hidden-fields-container\"><input type=\"hidden\" name=\"_wpcf7\" value=\"2518\" \/><input type=\"hidden\" name=\"_wpcf7_version\" value=\"6.1.5\" \/><input type=\"hidden\" name=\"_wpcf7_locale\" value=\"es_AR\" \/><input type=\"hidden\" name=\"_wpcf7_unit_tag\" value=\"wpcf7-f2518-o1\" \/><input type=\"hidden\" name=\"_wpcf7_container_post\" value=\"0\" \/><input type=\"hidden\" name=\"_wpcf7_posted_data_hash\" value=\"\" \/><input type=\"hidden\" name=\"_wpcf7_recaptcha_response\" value=\"\" \/>\n<\/fieldset>\n<div class=\"form-group\">\n\t<p><label style=\"float: right;\">\u05e9\u05dd \u05de\u05dc\u05d0<\/label><br \/>\n<span class=\"wpcf7-form-control-wrap\" data-name=\"nombre\"><input size=\"40\" maxlength=\"400\" class=\"wpcf7-form-control wpcf7-text wpcf7-validates-as-required form-control\" aria-required=\"true\" aria-invalid=\"false\" value=\"\" type=\"text\" name=\"nombre\" \/><\/span>\n\t<\/p>\n<\/div>\n<div class=\"form-group\">\n\t<p><label style=\"float: right;\">\u05db\u05ea\u05d5\u05d1\u05ea \u05d0\u05dc\u05e7\u05d8\u05e8\u05d5\u05e0\u05d9\u05ea<\/label><br \/>\n<span class=\"wpcf7-form-control-wrap\" data-name=\"email\"><input size=\"40\" maxlength=\"400\" class=\"wpcf7-form-control wpcf7-email wpcf7-validates-as-required wpcf7-text wpcf7-validates-as-email form-control\" aria-required=\"true\" aria-invalid=\"false\" value=\"\" type=\"email\" name=\"email\" \/><\/span>\n\t<\/p>\n<\/div>\n<div class=\"form-group\">\n\t<p><label style=\"float: right;\">\u05e4\u05dc\u05d0\u05e4\u05d5\u05df<\/label><br \/>\n<span class=\"wpcf7-form-control-wrap\" data-name=\"celular\"><input size=\"40\" maxlength=\"400\" class=\"wpcf7-form-control wpcf7-text wpcf7-validates-as-required form-control\" aria-required=\"true\" aria-invalid=\"false\" value=\"\" type=\"text\" name=\"celular\" \/><\/span>\n\t<\/p>\n<\/div>\n<div class=\"form-group\">\n\t<p><label style=\"float: right;\">\u05d9\u05e9\u05d5\u05d1<\/label><br \/>\n<span class=\"wpcf7-form-control-wrap\" data-name=\"localidad\"><input size=\"40\" maxlength=\"400\" class=\"wpcf7-form-control wpcf7-text wpcf7-validates-as-required form-control\" aria-required=\"true\" aria-invalid=\"false\" value=\"\" type=\"text\" name=\"localidad\" \/><\/span>\n\t<\/p>\n<\/div>\n<div class=\"form-group\">\n\t<p><label style=\"float: right;\">\u05d0\u05e0\u05d0 \u05e6\u05e8\u05d5 \u05e2\u05d9\u05de\u05d9 \u05e7\u05e9\u05e8 \u05d3\u05e8\u05da<\/label><br \/>\n<span class=\"wpcf7-form-control-wrap\" data-name=\"medio-contacto\"><select class=\"wpcf7-form-control wpcf7-select wpcf7-validates-as-required form-control\" aria-required=\"true\" aria-invalid=\"false\" name=\"medio-contacto\"><option value=\"\u05d5\u05d5\u05d8\u05e6\u05d0\u05e4\">\u05d5\u05d5\u05d8\u05e6\u05d0\u05e4<\/option><option value=\"\u05d8\u05dc\u05e4\u05d5\u05df\">\u05d8\u05dc\u05e4\u05d5\u05df<\/option><\/select><\/span>\n\t<\/p>\n<\/div>\n<div class=\"form-group\">\n\t<p><label style=\"float: right;\">\u05d4\u05d5\u05d3\u05e2\u05d4<\/label><br \/>\n<span class=\"wpcf7-form-control-wrap\" data-name=\"msj\"><textarea cols=\"40\" rows=\"10\" maxlength=\"2000\" class=\"wpcf7-form-control wpcf7-textarea form-control\" aria-invalid=\"false\" name=\"msj\"><\/textarea><\/span>\n\t<\/p>\n<\/div>\n<p><input class=\"wpcf7-form-control wpcf7-submit has-spinner btn btn-primary pull-right\" type=\"submit\" value=\"\u05e9\u05dc\u05d9\u05d7\u05d4\" \/>\n<\/p><p style=\"display: none !important;\" class=\"akismet-fields-container\" data-prefix=\"_wpcf7_ak_\"><label>&#916;<textarea name=\"_wpcf7_ak_hp_textarea\" cols=\"45\" rows=\"8\" maxlength=\"100\"><\/textarea><\/label><input type=\"hidden\" id=\"ak_js_1\" name=\"_wpcf7_ak_js\" value=\"114\"\/><script>document.getElementById( \"ak_js_1\" ).setAttribute( \"value\", ( new Date() ).getTime() );<\/script><\/p><div class=\"wpcf7-response-output\" aria-hidden=\"true\"><\/div>\n<\/form>\n<\/div>\n<\/div>\n<\/div>\n","protected":false},"excerpt":{"rendered":"<p>\u05de\u05e9\u05e8\u05d3 \u05e8\u05d0\u05e9\u05d9 Hip\u00f3lito Yrigoyen 146 &#8211; Piso 16 C\u00f3rdoba Business Tower X5000 &#8211; C\u00f3rdoba Capital<\/p>\n","protected":false},"author":2,"featured_media":0,"parent":0,"menu_order":0,"comment_status":"closed","ping_status":"closed","template":"","meta":{"footnotes":""},"class_list":["post-2480","page","type-page","status-publish","hentry"],"yoast_head":"<!-- This site is optimized with the Yoast SEO plugin v27.4 - https:\/\/yoast.com\/product\/yoast-seo-wordpress\/ -->\n<title>\u05dc\u05d9\u05e6\u05d9\u05e8\u05ea \u05e7\u05e9\u05e8 - Ecipsa<\/title>\n<meta name=\"robots\" content=\"index, follow, max-snippet:-1, max-image-preview:large, max-video-preview:-1\" \/>\n<link rel=\"canonical\" href=\"https:\/\/www.ecipsa.com\/he\/contacto\/\" \/>\n<meta property=\"og:locale\" content=\"he_IL\" \/>\n<meta property=\"og:type\" content=\"article\" \/>\n<meta property=\"og:title\" content=\"\u05dc\u05d9\u05e6\u05d9\u05e8\u05ea \u05e7\u05e9\u05e8 - Ecipsa\" \/>\n<meta property=\"og:description\" content=\"\u05de\u05e9\u05e8\u05d3 \u05e8\u05d0\u05e9\u05d9 Hip\u00f3lito Yrigoyen 146 &#8211; Piso 16 C\u00f3rdoba Business Tower X5000 &#8211; C\u00f3rdoba Capital\" \/>\n<meta property=\"og:url\" content=\"https:\/\/www.ecipsa.com\/he\/contacto\/\" \/>\n<meta property=\"og:site_name\" content=\"Ecipsa\" \/>\n<meta property=\"article:modified_time\" content=\"2023-06-13T13:15:42+00:00\" \/>\n<meta name=\"twitter:card\" content=\"summary_large_image\" \/>\n<meta name=\"twitter:label1\" content=\"\u05d6\u05de\u05df \u05e7\u05e8\u05d9\u05d0\u05d4 \u05de\u05d5\u05e2\u05e8\u05da\" \/>\n\t<meta name=\"twitter:data1\" content=\"\u05d3\u05e7\u05d41\" \/>\n<script type=\"application\/ld+json\" class=\"yoast-schema-graph\">{\"@context\":\"https:\\\/\\\/schema.org\",\"@graph\":[{\"@type\":\"WebPage\",\"@id\":\"https:\\\/\\\/www.ecipsa.com\\\/he\\\/contacto\\\/\",\"url\":\"https:\\\/\\\/www.ecipsa.com\\\/he\\\/contacto\\\/\",\"name\":\"\u05dc\u05d9\u05e6\u05d9\u05e8\u05ea \u05e7\u05e9\u05e8 - Ecipsa\",\"isPartOf\":{\"@id\":\"https:\\\/\\\/www.ecipsa.com\\\/#website\"},\"datePublished\":\"2020-01-23T13:32:07+00:00\",\"dateModified\":\"2023-06-13T13:15:42+00:00\",\"breadcrumb\":{\"@id\":\"https:\\\/\\\/www.ecipsa.com\\\/he\\\/contacto\\\/#breadcrumb\"},\"inLanguage\":\"he-IL\",\"potentialAction\":[{\"@type\":\"ReadAction\",\"target\":[\"https:\\\/\\\/www.ecipsa.com\\\/he\\\/contacto\\\/\"]}]},{\"@type\":\"BreadcrumbList\",\"@id\":\"https:\\\/\\\/www.ecipsa.com\\\/he\\\/contacto\\\/#breadcrumb\",\"itemListElement\":[{\"@type\":\"ListItem\",\"position\":1,\"name\":\"Inicio\",\"item\":\"https:\\\/\\\/www.ecipsa.com\\\/he\\\/\"},{\"@type\":\"ListItem\",\"position\":2,\"name\":\"\u05dc\u05d9\u05e6\u05d9\u05e8\u05ea \u05e7\u05e9\u05e8\"}]},{\"@type\":\"WebSite\",\"@id\":\"https:\\\/\\\/www.ecipsa.com\\\/#website\",\"url\":\"https:\\\/\\\/www.ecipsa.com\\\/\",\"name\":\"Ecipsa\",\"description\":\"Otro sitio realizado con WordPress\",\"potentialAction\":[{\"@type\":\"SearchAction\",\"target\":{\"@type\":\"EntryPoint\",\"urlTemplate\":\"https:\\\/\\\/www.ecipsa.com\\\/?s={search_term_string}\"},\"query-input\":{\"@type\":\"PropertyValueSpecification\",\"valueRequired\":true,\"valueName\":\"search_term_string\"}}],\"inLanguage\":\"he-IL\"}]}<\/script>\n<!-- \/ Yoast SEO plugin. -->","yoast_head_json":{"title":"\u05dc\u05d9\u05e6\u05d9\u05e8\u05ea \u05e7\u05e9\u05e8 - Ecipsa","robots":{"index":"index","follow":"follow","max-snippet":"max-snippet:-1","max-image-preview":"max-image-preview:large","max-video-preview":"max-video-preview:-1"},"canonical":"https:\/\/www.ecipsa.com\/he\/contacto\/","og_locale":"he_IL","og_type":"article","og_title":"\u05dc\u05d9\u05e6\u05d9\u05e8\u05ea \u05e7\u05e9\u05e8 - Ecipsa","og_description":"\u05de\u05e9\u05e8\u05d3 \u05e8\u05d0\u05e9\u05d9 Hip\u00f3lito Yrigoyen 146 &#8211; Piso 16 C\u00f3rdoba Business Tower X5000 &#8211; C\u00f3rdoba Capital","og_url":"https:\/\/www.ecipsa.com\/he\/contacto\/","og_site_name":"Ecipsa","article_modified_time":"2023-06-13T13:15:42+00:00","twitter_card":"summary_large_image","twitter_misc":{"\u05d6\u05de\u05df \u05e7\u05e8\u05d9\u05d0\u05d4 \u05de\u05d5\u05e2\u05e8\u05da":"\u05d3\u05e7\u05d41"},"schema":{"@context":"https:\/\/schema.org","@graph":[{"@type":"WebPage","@id":"https:\/\/www.ecipsa.com\/he\/contacto\/","url":"https:\/\/www.ecipsa.com\/he\/contacto\/","name":"\u05dc\u05d9\u05e6\u05d9\u05e8\u05ea \u05e7\u05e9\u05e8 - Ecipsa","isPartOf":{"@id":"https:\/\/www.ecipsa.com\/#website"},"datePublished":"2020-01-23T13:32:07+00:00","dateModified":"2023-06-13T13:15:42+00:00","breadcrumb":{"@id":"https:\/\/www.ecipsa.com\/he\/contacto\/#breadcrumb"},"inLanguage":"he-IL","potentialAction":[{"@type":"ReadAction","target":["https:\/\/www.ecipsa.com\/he\/contacto\/"]}]},{"@type":"BreadcrumbList","@id":"https:\/\/www.ecipsa.com\/he\/contacto\/#breadcrumb","itemListElement":[{"@type":"ListItem","position":1,"name":"Inicio","item":"https:\/\/www.ecipsa.com\/he\/"},{"@type":"ListItem","position":2,"name":"\u05dc\u05d9\u05e6\u05d9\u05e8\u05ea \u05e7\u05e9\u05e8"}]},{"@type":"WebSite","@id":"https:\/\/www.ecipsa.com\/#website","url":"https:\/\/www.ecipsa.com\/","name":"Ecipsa","description":"Otro sitio realizado con WordPress","potentialAction":[{"@type":"SearchAction","target":{"@type":"EntryPoint","urlTemplate":"https:\/\/www.ecipsa.com\/?s={search_term_string}"},"query-input":{"@type":"PropertyValueSpecification","valueRequired":true,"valueName":"search_term_string"}}],"inLanguage":"he-IL"}]}},"_links":{"self":[{"href":"https:\/\/www.ecipsa.com\/he\/wp-json\/wp\/v2\/pages\/2480","targetHints":{"allow":["GET"]}}],"collection":[{"href":"https:\/\/www.ecipsa.com\/he\/wp-json\/wp\/v2\/pages"}],"about":[{"href":"https:\/\/www.ecipsa.com\/he\/wp-json\/wp\/v2\/types\/page"}],"author":[{"embeddable":true,"href":"https:\/\/www.ecipsa.com\/he\/wp-json\/wp\/v2\/users\/2"}],"replies":[{"embeddable":true,"href":"https:\/\/www.ecipsa.com\/he\/wp-json\/wp\/v2\/comments?post=2480"}],"version-history":[{"count":7,"href":"https:\/\/www.ecipsa.com\/he\/wp-json\/wp\/v2\/pages\/2480\/revisions"}],"predecessor-version":[{"id":2891,"href":"https:\/\/www.ecipsa.com\/he\/wp-json\/wp\/v2\/pages\/2480\/revisions\/2891"}],"wp:attachment":[{"href":"https:\/\/www.ecipsa.com\/he\/wp-json\/wp\/v2\/media?parent=2480"}],"curies":[{"name":"wp","href":"https:\/\/api.w.org\/{rel}","templated":true}]}}